{"id":107,"date":"2022-09-20T14:30:36","date_gmt":"2022-09-20T18:30:36","guid":{"rendered":"https:\/\/sunafrica.wpengine.com\/?page_id=107"},"modified":"2023-05-03T19:05:10","modified_gmt":"2023-05-03T23:05:10","slug":"ugt-renewables","status":"publish","type":"page","link":"https:\/\/sunafrica.com\/pt\/ugt-renewables\/","title":{"rendered":"UGT Renewables"},"content":{"rendered":"<div class=\"wp-block-group is-layout-flow wp-block-group-is-layout-flow\">\n<div\n  id = \"marquee-block_22462ded281251a30ad08a4ca1490859\"\n  class = \"sm2-marquee sm2-marquee-image js-on-scroll-fade opacity-0\">\n\n          <div class=\"sm2-marquee-image-src\"  style=\"background-image:url(https:\/\/sunafrica.com\/wp-content\/uploads\/2022\/10\/img19.jpg);\">\n      <\/div>\n    \n    <div class=\"sm2-marquee-content\">\n      <h1 class=\"sm2-marquee-title\">Bringing our unique model of development to Eurasia and Latin America.<\/h1>\n      <span class=\"sm2-marquee-subtitle js-on-scroll-fade-delay opacity-0\"> UGT Renewables, a sister company of Sun Africa, offers complete clean energy solutions for those seeking to develop a solar project or invest in renewable energy.<\/span>    <\/div>\n\n<\/div>\n\n  <div class=\"breadcrumbs js-on-scroll-fade opacity-0\">\n    <nav id=\"breadcrumbs\"><span><span><a href=\"https:\/\/sunafrica.com\/pt\/\"><i class=\"fas fa-home\"><\/i><\/a><\/span><\/span><\/nav>  <\/div>\n<\/div>\n\n\n\n<div class=\"wp-block-group is-layout-flow wp-block-group-is-layout-flow\">\n<div\n  id = \"columns-basic-style-block_650ade02c43bb260030595347d393a81\"\n  class = \"sm2-columns-basic-style\">\n  <div class=\"sm2-columns sm2-image-stack-column\">\n\n    <div class=\"sm2-columns-column js-on-scroll-slide-left opacity-0\">\n              <div class=\"sm2-content\"><h2>As nossas solu\u00e7\u00f5es solares n\u00e3o conhecem limites.<\/h2>\n<p>What Sun Africa does for Africa, UGT Renewables is doing for Eurasia and Latin America. UGT Renewables has been providing complete clean energy solutions since 2009, leading to a technical expertise second to none, expansive supply chain capabilities, and reliable access to capital. UGT Renewables has a proven track record of delivering solar projects at any scale with market-leading costs and efficiency.<\/p>\n<h2>A UGT Renewables desenvolve projectos solares para todas as necessidades.<\/h2>\n<p>Quer se trate de parques solares fotovoltaicos de grande escala, sistemas de armazenamento de energia em baterias ou infra-estruturas de transmiss\u00e3o, a UGT Renewables trabalha de perto com os seus clientes de modo a identificar possibilidades e a transform\u00e1-las em realidade. \n\nA UGT Renewables lidera de forma eficiente, atrav\u00e9s da for\u00e7a combinada do conhecimento e dos recursos, o desenvolvimento, instala\u00e7\u00e3o, financiamento, opera\u00e7\u00e3o, bem como a manuten\u00e7\u00e3o do desenvolvimento da energia solar renov\u00e1vel, garantindo a concretiza\u00e7\u00e3o atempada dos projectos em conformidade com as directrizes do programa.<\/p>\n<p>With the combined strength of knowledge and resources, UGT Renewables efficiently leads the development, installation, financing, operation, and maintenance of solar renewable energy development, ensuring the timely completion of projects within program guidelines.<\/p>\n<\/div>\n                <\/div>\n\n    <div class=\"sm2-columns-column\">\n\n      \n                      <div class=\"sm2-image-stack\">\n                    <div class=\"sm2-image-small-container sm2-svg js-on-scroll-slide-left opacity-0\">\n            <img decoding=\"async\" src=\"https:\/\/sunafrica.com\/wp-content\/uploads\/2022\/09\/ugt-logo_white.svg\" class=\"sm2-image-small\" alt=\"UGT Renewables logo\" \/>          <\/div>\n                          <div class=\"sm2-image-container js-on-scroll-slide-right opacity-0\">\n            <img loading=\"lazy\" decoding=\"async\" width=\"1000\" height=\"667\" src=\"https:\/\/sunafrica.com\/wp-content\/uploads\/2022\/09\/img16_1000.jpg\" class=\"sm2-image\" alt=\"Landscape view of a town\" srcset=\"https:\/\/sunafrica.com\/wp-content\/uploads\/2022\/09\/img16_1000.jpg 1000w, https:\/\/sunafrica.com\/wp-content\/uploads\/2022\/09\/img16_1000-300x200.jpg 300w, https:\/\/sunafrica.com\/wp-content\/uploads\/2022\/09\/img16_1000-768x512.jpg 768w\" sizes=\"auto, (max-width: 1000px) 100vw, 1000px\" \/>          <\/div>\n                          <\/div>\n                  <\/div>\n\n  <\/div>\n<\/div>\n\n\n<div\n  id = \"columns-basic-style-block_ea8d8197bf0a35a42d3466eab1b7ec48\"\n  class = \"sm2-columns-basic-style\">\n  <div class=\"sm2-columns\">\n\n    <div class=\"sm2-columns-column js-on-scroll-slide-left opacity-0\">\n              <div class=\"sm2-content\"><h2>Uma rede robusta faz toda a diferen\u00e7a.<\/h2>\n<p>A UGT Renewables det\u00e9m parcerias com as maiores empresas de engenharia de energia, aquisi\u00e7\u00e3o e constru\u00e7\u00e3o no mundo, o que lhes permite seleccionar os componentes geradores de electricidade ideais, negociar contractos locais e maximizar o valor econ\u00f3mico geral. A sua parceria com fornecedores de equipamento de classe mundial permite-lhes criar projectos de qualidade superior e com maior tempo de vida \u00fatil, o que contribui para um baixo custo nivelado da electricidade.<\/p>\n<\/div>\n                    <a class=\"sm2-button\" role=\"button\" href=\"https:\/\/www.ugtrenewables.com\/\">\n          Visitar Website        <\/a>\n          <\/div>\n\n    <div class=\"sm2-columns-column sm2-gallery-column js-on-scroll-slide-right opacity-0\">\n\n                        <div class=\"sm2-gallery-container\">\n                                                <div class=\"sm2-image-container\">\n                <img loading=\"lazy\" decoding=\"async\" width=\"800\" height=\"704\" src=\"https:\/\/sunafrica.com\/wp-content\/uploads\/2022\/09\/img17.jpg\" class=\"sm2-image\" alt=\"Aerial view of trees and fields\" srcset=\"https:\/\/sunafrica.com\/wp-content\/uploads\/2022\/09\/img17.jpg 800w, https:\/\/sunafrica.com\/wp-content\/uploads\/2022\/09\/img17-300x264.jpg 300w, https:\/\/sunafrica.com\/wp-content\/uploads\/2022\/09\/img17-768x676.jpg 768w\" sizes=\"auto, (max-width: 800px) 100vw, 800px\" \/>              <\/div>\n                                                            <div class=\"sm2-image-container\">\n                <img loading=\"lazy\" decoding=\"async\" width=\"800\" height=\"556\" src=\"https:\/\/sunafrica.com\/wp-content\/uploads\/2022\/09\/img18.jpg\" class=\"sm2-image\" alt=\"House on the water next to a mountain\" srcset=\"https:\/\/sunafrica.com\/wp-content\/uploads\/2022\/09\/img18.jpg 800w, https:\/\/sunafrica.com\/wp-content\/uploads\/2022\/09\/img18-300x209.jpg 300w, https:\/\/sunafrica.com\/wp-content\/uploads\/2022\/09\/img18-768x534.jpg 768w\" sizes=\"auto, (max-width: 800px) 100vw, 800px\" \/>              <\/div>\n                                                            <div class=\"sm2-image-container\">\n                <img loading=\"lazy\" decoding=\"async\" width=\"800\" height=\"1200\" src=\"https:\/\/sunafrica.com\/wp-content\/uploads\/2022\/09\/img15.jpg\" class=\"sm2-image\" alt=\"River winding through mountainous landscape\" srcset=\"https:\/\/sunafrica.com\/wp-content\/uploads\/2022\/09\/img15.jpg 800w, https:\/\/sunafrica.com\/wp-content\/uploads\/2022\/09\/img15-200x300.jpg 200w, https:\/\/sunafrica.com\/wp-content\/uploads\/2022\/09\/img15-683x1024.jpg 683w, https:\/\/sunafrica.com\/wp-content\/uploads\/2022\/09\/img15-768x1152.jpg 768w\" sizes=\"auto, (max-width: 800px) 100vw, 800px\" \/>              <\/div>\n                                <\/div>\n              \n          <\/div>\n\n  <\/div>\n<\/div><\/div>","protected":false},"excerpt":{"rendered":"","protected":false},"author":2,"featured_media":306,"parent":0,"menu_order":0,"comment_status":"closed","ping_status":"closed","template":"","meta":{"_acf_changed":false,"footnotes":""},"class_list":["post-107","page","type-page","status-publish","has-post-thumbnail","hentry"],"acf":[],"yoast_head":"<!-- This site is optimized with the Yoast SEO plugin v27.3 - https:\/\/yoast.com\/product\/yoast-seo-wordpress\/ -->\n<title>About UGT Renewables | Sun Africa<\/title>\n<meta name=\"description\" content=\"UGT Renewables, a sister company of Sun Africa, provides clean energy solutions for those seeking to develop a solar project in Eurasia.\" \/>\n<meta name=\"robots\" content=\"index, follow, max-snippet:-1, max-image-preview:large, max-video-preview:-1\" \/>\n<link rel=\"canonical\" href=\"https:\/\/sunafrica.com\/pt\/ugt-renewables\/\" \/>\n<meta property=\"og:locale\" content=\"pt_PT\" \/>\n<meta property=\"og:type\" content=\"article\" \/>\n<meta property=\"og:title\" content=\"About UGT Renewables | Sun Africa\" \/>\n<meta property=\"og:description\" content=\"UGT Renewables, a sister company of Sun Africa, provides clean energy solutions for those seeking to develop a solar project in Eurasia.\" \/>\n<meta property=\"og:url\" content=\"https:\/\/sunafrica.com\/pt\/ugt-renewables\/\" \/>\n<meta property=\"og:site_name\" content=\"Sun Africa\" \/>\n<meta property=\"article:modified_time\" content=\"2023-05-03T23:05:10+00:00\" \/>\n<meta property=\"og:image\" content=\"https:\/\/sunafrica.com\/wp-content\/uploads\/2022\/10\/img19.jpg\" \/>\n\t<meta property=\"og:image:width\" content=\"1440\" \/>\n\t<meta property=\"og:image:height\" content=\"750\" \/>\n\t<meta property=\"og:image:type\" content=\"image\/jpeg\" \/>\n<meta name=\"twitter:card\" content=\"summary_large_image\" \/>\n<script type=\"application\/ld+json\" class=\"yoast-schema-graph\">{\"@context\":\"https:\\\/\\\/schema.org\",\"@graph\":[{\"@type\":\"WebPage\",\"@id\":\"https:\\\/\\\/sunafrica.com\\\/ugt-renewables\\\/\",\"url\":\"https:\\\/\\\/sunafrica.com\\\/ugt-renewables\\\/\",\"name\":\"About UGT Renewables | Sun Africa\",\"isPartOf\":{\"@id\":\"https:\\\/\\\/sunafrica.com\\\/#website\"},\"primaryImageOfPage\":{\"@id\":\"https:\\\/\\\/sunafrica.com\\\/ugt-renewables\\\/#primaryimage\"},\"image\":{\"@id\":\"https:\\\/\\\/sunafrica.com\\\/ugt-renewables\\\/#primaryimage\"},\"thumbnailUrl\":\"https:\\\/\\\/sunafrica.com\\\/wp-content\\\/uploads\\\/2022\\\/10\\\/img19.jpg\",\"datePublished\":\"2022-09-20T18:30:36+00:00\",\"dateModified\":\"2023-05-03T23:05:10+00:00\",\"description\":\"UGT Renewables, a sister company of Sun Africa, provides clean energy solutions for those seeking to develop a solar project in Eurasia.\",\"breadcrumb\":{\"@id\":\"https:\\\/\\\/sunafrica.com\\\/ugt-renewables\\\/#breadcrumb\"},\"inLanguage\":\"pt-AO\",\"potentialAction\":[{\"@type\":\"ReadAction\",\"target\":[\"https:\\\/\\\/sunafrica.com\\\/ugt-renewables\\\/\"]}]},{\"@type\":\"ImageObject\",\"inLanguage\":\"pt-AO\",\"@id\":\"https:\\\/\\\/sunafrica.com\\\/ugt-renewables\\\/#primaryimage\",\"url\":\"https:\\\/\\\/sunafrica.com\\\/wp-content\\\/uploads\\\/2022\\\/10\\\/img19.jpg\",\"contentUrl\":\"https:\\\/\\\/sunafrica.com\\\/wp-content\\\/uploads\\\/2022\\\/10\\\/img19.jpg\",\"width\":1440,\"height\":750,\"caption\":\"Woman wearing a hard hat using an iPad at an electrical power plant\"},{\"@type\":\"BreadcrumbList\",\"@id\":\"https:\\\/\\\/sunafrica.com\\\/ugt-renewables\\\/#breadcrumb\",\"itemListElement\":[{\"@type\":\"ListItem\",\"position\":1,\"name\":\"\",\"item\":\"https:\\\/\\\/sunafrica.com\\\/\"},{\"@type\":\"ListItem\",\"position\":2,\"name\":\"UGT Renewables\"}]},{\"@type\":\"WebSite\",\"@id\":\"https:\\\/\\\/sunafrica.com\\\/#website\",\"url\":\"https:\\\/\\\/sunafrica.com\\\/\",\"name\":\"Sun Africa\",\"description\":\"Renewable energy solutions\",\"publisher\":{\"@id\":\"https:\\\/\\\/sunafrica.com\\\/#organization\"},\"potentialAction\":[{\"@type\":\"SearchAction\",\"target\":{\"@type\":\"EntryPoint\",\"urlTemplate\":\"https:\\\/\\\/sunafrica.com\\\/?s={search_term_string}\"},\"query-input\":{\"@type\":\"PropertyValueSpecification\",\"valueRequired\":true,\"valueName\":\"search_term_string\"}}],\"inLanguage\":\"pt-AO\"},{\"@type\":\"Organization\",\"@id\":\"https:\\\/\\\/sunafrica.com\\\/#organization\",\"name\":\"Sun Africa\",\"url\":\"https:\\\/\\\/sunafrica.com\\\/\",\"logo\":{\"@type\":\"ImageObject\",\"inLanguage\":\"pt-AO\",\"@id\":\"https:\\\/\\\/sunafrica.com\\\/#\\\/schema\\\/logo\\\/image\\\/\",\"url\":\"https:\\\/\\\/sunafrica.com\\\/wp-content\\\/uploads\\\/2022\\\/08\\\/logo.svg\",\"contentUrl\":\"https:\\\/\\\/sunafrica.com\\\/wp-content\\\/uploads\\\/2022\\\/08\\\/logo.svg\",\"width\":\"1024\",\"height\":\"1024\",\"caption\":\"Sun Africa\"},\"image\":{\"@id\":\"https:\\\/\\\/sunafrica.com\\\/#\\\/schema\\\/logo\\\/image\\\/\"}}]}<\/script>\n<!-- \/ Yoast SEO plugin. -->","yoast_head_json":{"title":"About UGT Renewables | Sun Africa","description":"UGT Renewables, a sister company of Sun Africa, provides clean energy solutions for those seeking to develop a solar project in Eurasia.","robots":{"index":"index","follow":"follow","max-snippet":"max-snippet:-1","max-image-preview":"max-image-preview:large","max-video-preview":"max-video-preview:-1"},"canonical":"https:\/\/sunafrica.com\/pt\/ugt-renewables\/","og_locale":"pt_PT","og_type":"article","og_title":"About UGT Renewables | Sun Africa","og_description":"UGT Renewables, a sister company of Sun Africa, provides clean energy solutions for those seeking to develop a solar project in Eurasia.","og_url":"https:\/\/sunafrica.com\/pt\/ugt-renewables\/","og_site_name":"Sun Africa","article_modified_time":"2023-05-03T23:05:10+00:00","og_image":[{"width":1440,"height":750,"url":"https:\/\/sunafrica.com\/wp-content\/uploads\/2022\/10\/img19.jpg","type":"image\/jpeg"}],"twitter_card":"summary_large_image","schema":{"@context":"https:\/\/schema.org","@graph":[{"@type":"WebPage","@id":"https:\/\/sunafrica.com\/ugt-renewables\/","url":"https:\/\/sunafrica.com\/ugt-renewables\/","name":"About UGT Renewables | Sun Africa","isPartOf":{"@id":"https:\/\/sunafrica.com\/#website"},"primaryImageOfPage":{"@id":"https:\/\/sunafrica.com\/ugt-renewables\/#primaryimage"},"image":{"@id":"https:\/\/sunafrica.com\/ugt-renewables\/#primaryimage"},"thumbnailUrl":"https:\/\/sunafrica.com\/wp-content\/uploads\/2022\/10\/img19.jpg","datePublished":"2022-09-20T18:30:36+00:00","dateModified":"2023-05-03T23:05:10+00:00","description":"UGT Renewables, a sister company of Sun Africa, provides clean energy solutions for those seeking to develop a solar project in Eurasia.","breadcrumb":{"@id":"https:\/\/sunafrica.com\/ugt-renewables\/#breadcrumb"},"inLanguage":"pt-AO","potentialAction":[{"@type":"ReadAction","target":["https:\/\/sunafrica.com\/ugt-renewables\/"]}]},{"@type":"ImageObject","inLanguage":"pt-AO","@id":"https:\/\/sunafrica.com\/ugt-renewables\/#primaryimage","url":"https:\/\/sunafrica.com\/wp-content\/uploads\/2022\/10\/img19.jpg","contentUrl":"https:\/\/sunafrica.com\/wp-content\/uploads\/2022\/10\/img19.jpg","width":1440,"height":750,"caption":"Woman wearing a hard hat using an iPad at an electrical power plant"},{"@type":"BreadcrumbList","@id":"https:\/\/sunafrica.com\/ugt-renewables\/#breadcrumb","itemListElement":[{"@type":"ListItem","position":1,"name":"","item":"https:\/\/sunafrica.com\/"},{"@type":"ListItem","position":2,"name":"UGT Renewables"}]},{"@type":"WebSite","@id":"https:\/\/sunafrica.com\/#website","url":"https:\/\/sunafrica.com\/","name":"Sun Africa","description":"Renewable energy solutions","publisher":{"@id":"https:\/\/sunafrica.com\/#organization"},"potentialAction":[{"@type":"SearchAction","target":{"@type":"EntryPoint","urlTemplate":"https:\/\/sunafrica.com\/?s={search_term_string}"},"query-input":{"@type":"PropertyValueSpecification","valueRequired":true,"valueName":"search_term_string"}}],"inLanguage":"pt-AO"},{"@type":"Organization","@id":"https:\/\/sunafrica.com\/#organization","name":"Sun Africa","url":"https:\/\/sunafrica.com\/","logo":{"@type":"ImageObject","inLanguage":"pt-AO","@id":"https:\/\/sunafrica.com\/#\/schema\/logo\/image\/","url":"https:\/\/sunafrica.com\/wp-content\/uploads\/2022\/08\/logo.svg","contentUrl":"https:\/\/sunafrica.com\/wp-content\/uploads\/2022\/08\/logo.svg","width":"1024","height":"1024","caption":"Sun Africa"},"image":{"@id":"https:\/\/sunafrica.com\/#\/schema\/logo\/image\/"}}]}},"_links":{"self":[{"href":"https:\/\/sunafrica.com\/pt\/wp-json\/wp\/v2\/pages\/107","targetHints":{"allow":["GET"]}}],"collection":[{"href":"https:\/\/sunafrica.com\/pt\/wp-json\/wp\/v2\/pages"}],"about":[{"href":"https:\/\/sunafrica.com\/pt\/wp-json\/wp\/v2\/types\/page"}],"author":[{"embeddable":true,"href":"https:\/\/sunafrica.com\/pt\/wp-json\/wp\/v2\/users\/2"}],"replies":[{"embeddable":true,"href":"https:\/\/sunafrica.com\/pt\/wp-json\/wp\/v2\/comments?post=107"}],"version-history":[{"count":0,"href":"https:\/\/sunafrica.com\/pt\/wp-json\/wp\/v2\/pages\/107\/revisions"}],"wp:featuredmedia":[{"embeddable":true,"href":"https:\/\/sunafrica.com\/pt\/wp-json\/wp\/v2\/media\/306"}],"wp:attachment":[{"href":"https:\/\/sunafrica.com\/pt\/wp-json\/wp\/v2\/media?parent=107"}],"curies":[{"name":"wp","href":"https:\/\/api.w.org\/{rel}","templated":true}]}}