{"id":11,"date":"2022-08-25T11:52:18","date_gmt":"2022-08-25T15:52:18","guid":{"rendered":"https:\/\/sunafrica.wpengine.com\/?page_id=11"},"modified":"2022-10-20T09:36:26","modified_gmt":"2022-10-20T13:36:26","slug":"projects","status":"publish","type":"page","link":"https:\/\/sunafrica.com\/pt\/projects\/","title":{"rendered":"Os nossos Projectos"},"content":{"rendered":"<div class=\"wp-block-group is-layout-flow wp-block-group-is-layout-flow\">\n<div\n  id = \"marquee-block_2f204286781e0ef92548b393fb120b0f\"\n  class = \"sm2-marquee sm2-marquee-image js-on-scroll-fade opacity-0\">\n\n          <div class=\"sm2-marquee-image-src\"  style=\"background-image:url(https:\/\/sunafrica.com\/wp-content\/uploads\/2022\/09\/saurimo1.jpg);\">\n      <\/div>\n    \n    <div class=\"sm2-marquee-content\">\n      <h1 class=\"sm2-marquee-title\">A tirar proveito da energia do Sol para mudar o nosso mundo.<\/h1>\n      <span class=\"sm2-marquee-subtitle js-on-scroll-fade-delay opacity-0\">Com uma diversidade de projectos solares j\u00e1 desenvolvidos e em curso, a Sun Africa lidera a carga em termos de fornecimento de solu\u00e7\u00f5es de Energia Limpa a \u00c1frica.<\/span>    <\/div>\n\n<\/div>\n\n  <div class=\"breadcrumbs js-on-scroll-fade opacity-0\">\n    <nav id=\"breadcrumbs\"><span><span><a href=\"https:\/\/sunafrica.com\/pt\/\"><i class=\"fas fa-home\"><\/i><\/a><\/span><\/span><\/nav>  <\/div>\n<\/div>\n\n\n\n<div class=\"wp-block-group is-layout-flow wp-block-group-is-layout-flow\">\n<div\n  id = \"loop-projects-block_a54bd7d35d1051dfdd89862fca67c73b\"\n  class = \"relative sm2-loop-projects\">\n\n  <div class=\"sm2-loop-projects-container sm2-columns-image-style\">\n    \n        <div id=\"post-11\" class=\"sm2-columns\">\n\n          <div class=\"sm2-columns-column js-on-scroll-slide-left opacity-0\">\n            <div class=\"sm2-loop-projects-content\">\n              \n              <span class=\"sm2-post-label\">Estado: Em Constru\u00e7\u00e3o<\/span>\n              <h2 class=\"sm2-heading\"><a href=\"https:\/\/sunafrica.com\/pt\/projects\/angola-solar-project\/\">O Projecto Solar de Angola<\/a><\/h2>\n              <div class=\"sm2-lead\"><p>Estamos a ajudar Angola a refor\u00e7ar o seu sistema de electricidade nacional, a diversificar a matriz de energia e a reduzir a sua depend\u00eancia de combust\u00edveis f\u00f3sseis. O Projecto Solar de Angola inclui sete projectos em grande escala e inclui a maior instala\u00e7\u00e3o de energia solar de grande escala na \u00c1frica Subsariana.<\/p>\n<\/div>\n\n              <a class=\"sm2-button\" href=\"https:\/\/sunafrica.com\/pt\/projects\/angola-solar-project\/\">Saiba Mais<\/a>\n            <\/div>\n          <\/div>\n\n          <div class=\"sm2-columns-column js-on-scroll-slide-right opacity-0\">\n          <div class=\"sm2-image-container\">\n            <img loading=\"lazy\" decoding=\"async\" width=\"1084\" height=\"629\" src=\"https:\/\/sunafrica.com\/wp-content\/uploads\/2022\/09\/PV-Biopio-1888MWp-Sun-Africa-Angola-Project.jpg\" class=\"sm2-image\" alt=\"Solar panels at the Biopio site in Benguela\" srcset=\"https:\/\/sunafrica.com\/wp-content\/uploads\/2022\/09\/PV-Biopio-1888MWp-Sun-Africa-Angola-Project.jpg 1084w, https:\/\/sunafrica.com\/wp-content\/uploads\/2022\/09\/PV-Biopio-1888MWp-Sun-Africa-Angola-Project-300x174.jpg 300w, https:\/\/sunafrica.com\/wp-content\/uploads\/2022\/09\/PV-Biopio-1888MWp-Sun-Africa-Angola-Project-1024x594.jpg 1024w, https:\/\/sunafrica.com\/wp-content\/uploads\/2022\/09\/PV-Biopio-1888MWp-Sun-Africa-Angola-Project-768x446.jpg 768w, https:\/\/sunafrica.com\/wp-content\/uploads\/2022\/09\/PV-Biopio-1888MWp-Sun-Africa-Angola-Project-18x10.jpg 18w\" sizes=\"auto, (max-width: 1084px) 100vw, 1084px\" \/>            <\/div>\n          <\/div>\n\n        <\/div>\n\n        \n        <div id=\"post-11\" class=\"sm2-columns\">\n\n          <div class=\"sm2-columns-column js-on-scroll-slide-left opacity-0\">\n            <div class=\"sm2-loop-projects-content\">\n              \n              <span class=\"sm2-post-label\">Estado: Em Desenvolvimento<\/span>\n              <h2 class=\"sm2-heading\"><a href=\"https:\/\/sunafrica.com\/pt\/projects\/angola-southern-provinces-project\/\">O Projecto das Prov\u00edncias do Sul de Angola<\/a><\/h2>\n              <div class=\"sm2-lead\"><p>In four southern provinces of Angola, we&#8217;re deploying 724 MW of utility-scale solar PV, solar minigrids with battery storage, home power kits, and potable water. This $2 billion project is our second large-scale solar project in Angola and will provide electrification to more than two million people.<\/p>\n<\/div>\n\n              <a class=\"sm2-button\" href=\"https:\/\/sunafrica.com\/pt\/projects\/angola-southern-provinces-project\/\">Saiba Mais<\/a>\n            <\/div>\n          <\/div>\n\n          <div class=\"sm2-columns-column js-on-scroll-slide-right opacity-0\">\n          <div class=\"sm2-image-container\">\n            <img loading=\"lazy\" decoding=\"async\" width=\"1400\" height=\"1050\" src=\"https:\/\/sunafrica.com\/wp-content\/uploads\/2022\/09\/img14.jpg\" class=\"sm2-image\" alt=\"Large field of solar panels\" srcset=\"https:\/\/sunafrica.com\/wp-content\/uploads\/2022\/09\/img14.jpg 1400w, https:\/\/sunafrica.com\/wp-content\/uploads\/2022\/09\/img14-300x225.jpg 300w, https:\/\/sunafrica.com\/wp-content\/uploads\/2022\/09\/img14-1024x768.jpg 1024w, https:\/\/sunafrica.com\/wp-content\/uploads\/2022\/09\/img14-768x576.jpg 768w\" sizes=\"auto, (max-width: 1400px) 100vw, 1400px\" \/>            <\/div>\n          <\/div>\n\n        <\/div>\n\n        \n        <div id=\"post-11\" class=\"sm2-columns\">\n\n          <div class=\"sm2-columns-column js-on-scroll-slide-left opacity-0\">\n            <div class=\"sm2-loop-projects-content\">\n              \n              <span class=\"sm2-post-label\">Estado: Em Desenvolvimento<\/span>\n              <h2 class=\"sm2-heading\"><a href=\"https:\/\/sunafrica.com\/pt\/projects\/nigeria-utility-scale-solar\/\">Nig\u00e9ria: Mini-redes e M\u00f3dulos Pr\u00e9-Fabricados alimentados a energia solar para a NDPHC<\/a><\/h2>\n              <div class=\"sm2-lead\"><p>Estamos a instalar mais de 200 mini-redes e m\u00f3dulos pr\u00e9-fabricados alimentados a energia solar em alguns dos locais mais remotos da Nig\u00e9ria. Em conjunto, proporcionar\u00e3o energia limpa, fi\u00e1vel e acess\u00edvel a comunidades rurais que se encontram afastadas da rede nacional e que nunca tiveram acesso a electricidade.<\/p>\n<\/div>\n\n              <a class=\"sm2-button\" href=\"https:\/\/sunafrica.com\/pt\/projects\/nigeria-utility-scale-solar\/\">Saiba Mais<\/a>\n            <\/div>\n          <\/div>\n\n          <div class=\"sm2-columns-column js-on-scroll-slide-right opacity-0\">\n          <div class=\"sm2-image-container\">\n            <img loading=\"lazy\" decoding=\"async\" width=\"1400\" height=\"920\" src=\"https:\/\/sunafrica.com\/wp-content\/uploads\/2022\/09\/hero_2c.jpg\" class=\"sm2-image\" alt=\"Solar panel installation\" srcset=\"https:\/\/sunafrica.com\/wp-content\/uploads\/2022\/09\/hero_2c.jpg 1400w, https:\/\/sunafrica.com\/wp-content\/uploads\/2022\/09\/hero_2c-300x197.jpg 300w, https:\/\/sunafrica.com\/wp-content\/uploads\/2022\/09\/hero_2c-1024x673.jpg 1024w, https:\/\/sunafrica.com\/wp-content\/uploads\/2022\/09\/hero_2c-768x505.jpg 768w\" sizes=\"auto, (max-width: 1400px) 100vw, 1400px\" \/>            <\/div>\n          <\/div>\n\n        <\/div>\n\n        \n        <div id=\"post-11\" class=\"sm2-columns\">\n\n          <div class=\"sm2-columns-column js-on-scroll-slide-left opacity-0\">\n            <div class=\"sm2-loop-projects-content\">\n              \n              <span class=\"sm2-post-label\">Estado: Em Desenvolvimento<\/span>\n              <h2 class=\"sm2-heading\"><a href=\"https:\/\/sunafrica.com\/pt\/projects\/nigeria-minigrids-solar-cabins\/\">Nig\u00e9ria: Mini-redes e M\u00f3dulos Pr\u00e9-Fabricados alimentados a energia solar para a NDPHC<\/a><\/h2>\n              <div class=\"sm2-lead\"><p>Estamos a instalar mais de 200 mini-redes e m\u00f3dulos pr\u00e9-fabricados alimentados a energia solar em alguns dos locais mais remotos da Nig\u00e9ria. Em conjunto, proporcionar\u00e3o energia limpa, fi\u00e1vel e acess\u00edvel a comunidades rurais que se encontram afastadas da rede nacional e que nunca tiveram acesso a electricidade.<\/p>\n<\/div>\n\n              <a class=\"sm2-button\" href=\"https:\/\/sunafrica.com\/pt\/projects\/nigeria-minigrids-solar-cabins\/\">Saiba Mais<\/a>\n            <\/div>\n          <\/div>\n\n          <div class=\"sm2-columns-column js-on-scroll-slide-right opacity-0\">\n          <div class=\"sm2-image-container\">\n            <img loading=\"lazy\" decoding=\"async\" width=\"1400\" height=\"920\" src=\"https:\/\/sunafrica.com\/wp-content\/uploads\/2022\/09\/hero_2a.jpg\" class=\"sm2-image\" alt=\"Africa rooftops\" srcset=\"https:\/\/sunafrica.com\/wp-content\/uploads\/2022\/09\/hero_2a.jpg 1400w, https:\/\/sunafrica.com\/wp-content\/uploads\/2022\/09\/hero_2a-300x197.jpg 300w, https:\/\/sunafrica.com\/wp-content\/uploads\/2022\/09\/hero_2a-1024x673.jpg 1024w, https:\/\/sunafrica.com\/wp-content\/uploads\/2022\/09\/hero_2a-768x505.jpg 768w\" sizes=\"auto, (max-width: 1400px) 100vw, 1400px\" \/>            <\/div>\n          <\/div>\n\n        <\/div>\n\n        \n        <div id=\"post-11\" class=\"sm2-columns\">\n\n          <div class=\"sm2-columns-column js-on-scroll-slide-left opacity-0\">\n            <div class=\"sm2-loop-projects-content\">\n              \n              <span class=\"sm2-post-label\">Estado: Em Constru\u00e7\u00e3o<\/span>\n              <h2 class=\"sm2-heading\"><a href=\"https:\/\/sunafrica.com\/pt\/projects\/solar-cabin-pilot\/\">Nig\u00e9ria: Projecto-Piloto de M\u00f3dulo Pr\u00e9-Fabricado alimentado a energia solar para a NDPHC<\/a><\/h2>\n              <div class=\"sm2-lead\"><p>Estamos a construir um sistema piloto de m\u00f3dulo pr\u00e9-fabricado alimentado a energia solar numa localiza\u00e7\u00e3o remota pr\u00f3xima de Abuja. Esta solu\u00e7\u00e3o modular \u201cplug &amp; play\u201d de produ\u00e7\u00e3o e armazenamento de energia solar ir\u00e1 fornecer 30 kWp de energia solar e 81 kWh de armazenamento de energia. Uma vez instalado, cerca de 700 pessoas na comunidade Kaida ter\u00e3o acesso \u00e0 electricidade.<\/p>\n<\/div>\n\n              <a class=\"sm2-button\" href=\"https:\/\/sunafrica.com\/pt\/projects\/solar-cabin-pilot\/\">Saiba Mais<\/a>\n            <\/div>\n          <\/div>\n\n          <div class=\"sm2-columns-column js-on-scroll-slide-right opacity-0\">\n          <div class=\"sm2-image-container\">\n            <img loading=\"lazy\" decoding=\"async\" width=\"1920\" height=\"1080\" src=\"https:\/\/sunafrica.com\/wp-content\/uploads\/2022\/09\/solar-cabin1.jpg\" class=\"sm2-image\" alt=\"Top view of a solar cabin\" srcset=\"https:\/\/sunafrica.com\/wp-content\/uploads\/2022\/09\/solar-cabin1.jpg 1920w, https:\/\/sunafrica.com\/wp-content\/uploads\/2022\/09\/solar-cabin1-300x169.jpg 300w, https:\/\/sunafrica.com\/wp-content\/uploads\/2022\/09\/solar-cabin1-1024x576.jpg 1024w, https:\/\/sunafrica.com\/wp-content\/uploads\/2022\/09\/solar-cabin1-768x432.jpg 768w, https:\/\/sunafrica.com\/wp-content\/uploads\/2022\/09\/solar-cabin1-1536x864.jpg 1536w\" sizes=\"auto, (max-width: 1920px) 100vw, 1920px\" \/>            <\/div>\n          <\/div>\n\n        <\/div>\n\n                    \n  <\/div>\n\n<\/div>\n\n\n<div\n  id = \"columns-image-style-block_db20a0e158d2491e0dde2bbadf165e56\"\n  class = \"sm2-columns-image-style\">\n    <div class=\"sm2-columns\">\n\n      <div class=\"sm2-columns-column js-on-scroll-slide-left opacity-0\">\n                  <span class=\"sm2-post-label\">Pr\u00f3ximos Projectos<\/span>\n                          <h2 class=\"sm2-heading\">Isto \u00e9 s\u00f3 o in\u00edcio.<\/h2>\n                          <div class=\"sm2-lead\"><p>Cada um dos nossos projectos representa um passo em prol de uma \u00c1frica com uma matriz energ\u00e9tica mais diversificada, redes nacionais mais fortes, e acesso mais f\u00e1cil a energia limpa e acess\u00edvel. Desde o PV solar \u00e0s mini-redes, estamos orgulhosos do que fizemos. E estamos igualmente entusiasmados para continuar a trabalhar em conjunto com parceiros ambiciosos a fim de transformar \u00c1frica.<\/p>\n<\/div>\n                      <\/div>\n\n      <div class=\"sm2-columns-column js-on-scroll-slide-right opacity-0\">\n                  <div class=\"sm2-image-container\">\n            <img loading=\"lazy\" decoding=\"async\" width=\"1400\" height=\"1050\" src=\"https:\/\/sunafrica.com\/wp-content\/uploads\/2022\/09\/img11.jpg\" class=\"sm2-image\" alt=\"Large solar panel installation\" srcset=\"https:\/\/sunafrica.com\/wp-content\/uploads\/2022\/09\/img11.jpg 1400w, https:\/\/sunafrica.com\/wp-content\/uploads\/2022\/09\/img11-300x225.jpg 300w, https:\/\/sunafrica.com\/wp-content\/uploads\/2022\/09\/img11-1024x768.jpg 1024w, https:\/\/sunafrica.com\/wp-content\/uploads\/2022\/09\/img11-768x576.jpg 768w\" sizes=\"auto, (max-width: 1400px) 100vw, 1400px\" \/>          <\/div>\n              <\/div>\n\n    <\/div>\n<\/div><\/div>","protected":false},"excerpt":{"rendered":"","protected":false},"author":2,"featured_media":254,"parent":0,"menu_order":0,"comment_status":"closed","ping_status":"closed","template":"","meta":{"_acf_changed":false,"footnotes":""},"class_list":["post-11","page","type-page","status-publish","has-post-thumbnail","hentry"],"acf":[],"yoast_head":"<!-- This site is optimized with the Yoast SEO plugin v27.5 - https:\/\/yoast.com\/product\/yoast-seo-wordpress\/ -->\n<title>Our Clean Energy Projects | Sun Africa<\/title>\n<meta name=\"description\" content=\"With a number of solar projects already developed and in progress, Sun Africa is leading the charge of delivering clean energy solutions to Africa.\" \/>\n<meta name=\"robots\" content=\"index, follow, max-snippet:-1, max-image-preview:large, max-video-preview:-1\" \/>\n<link rel=\"canonical\" href=\"https:\/\/sunafrica.com\/pt\/projects\/\" \/>\n<meta property=\"og:locale\" content=\"pt_PT\" \/>\n<meta property=\"og:type\" content=\"article\" \/>\n<meta property=\"og:title\" content=\"Our Clean Energy Projects | Sun Africa\" \/>\n<meta property=\"og:description\" content=\"With a number of solar projects already developed and in progress, Sun Africa is leading the charge of delivering clean energy solutions to Africa.\" \/>\n<meta property=\"og:url\" content=\"https:\/\/sunafrica.com\/pt\/projects\/\" \/>\n<meta property=\"og:site_name\" content=\"Sun Africa\" \/>\n<meta property=\"article:modified_time\" content=\"2022-10-20T13:36:26+00:00\" \/>\n<meta property=\"og:image\" content=\"https:\/\/sunafrica.com\/wp-content\/uploads\/2022\/09\/saurimo1.jpg\" \/>\n\t<meta property=\"og:image:width\" content=\"1920\" \/>\n\t<meta property=\"og:image:height\" content=\"1080\" \/>\n\t<meta property=\"og:image:type\" content=\"image\/jpeg\" \/>\n<meta name=\"twitter:card\" content=\"summary_large_image\" \/>\n<script type=\"application\/ld+json\" class=\"yoast-schema-graph\">{\"@context\":\"https:\\\/\\\/schema.org\",\"@graph\":[{\"@type\":\"WebPage\",\"@id\":\"https:\\\/\\\/sunafrica.com\\\/projects\\\/\",\"url\":\"https:\\\/\\\/sunafrica.com\\\/projects\\\/\",\"name\":\"Our Clean Energy Projects | Sun Africa\",\"isPartOf\":{\"@id\":\"https:\\\/\\\/sunafrica.com\\\/#website\"},\"primaryImageOfPage\":{\"@id\":\"https:\\\/\\\/sunafrica.com\\\/projects\\\/#primaryimage\"},\"image\":{\"@id\":\"https:\\\/\\\/sunafrica.com\\\/projects\\\/#primaryimage\"},\"thumbnailUrl\":\"https:\\\/\\\/sunafrica.com\\\/wp-content\\\/uploads\\\/2022\\\/09\\\/saurimo1.jpg\",\"datePublished\":\"2022-08-25T15:52:18+00:00\",\"dateModified\":\"2022-10-20T13:36:26+00:00\",\"description\":\"With a number of solar projects already developed and in progress, Sun Africa is leading the charge of delivering clean energy solutions to Africa.\",\"breadcrumb\":{\"@id\":\"https:\\\/\\\/sunafrica.com\\\/projects\\\/#breadcrumb\"},\"inLanguage\":\"pt-AO\",\"potentialAction\":[{\"@type\":\"ReadAction\",\"target\":[\"https:\\\/\\\/sunafrica.com\\\/projects\\\/\"]}]},{\"@type\":\"ImageObject\",\"inLanguage\":\"pt-AO\",\"@id\":\"https:\\\/\\\/sunafrica.com\\\/projects\\\/#primaryimage\",\"url\":\"https:\\\/\\\/sunafrica.com\\\/wp-content\\\/uploads\\\/2022\\\/09\\\/saurimo1.jpg\",\"contentUrl\":\"https:\\\/\\\/sunafrica.com\\\/wp-content\\\/uploads\\\/2022\\\/09\\\/saurimo1.jpg\",\"width\":1920,\"height\":1080,\"caption\":\"This project in Saurimo, Lunda Sul, will supply power to over 34,000 households in the region.\"},{\"@type\":\"BreadcrumbList\",\"@id\":\"https:\\\/\\\/sunafrica.com\\\/projects\\\/#breadcrumb\",\"itemListElement\":[{\"@type\":\"ListItem\",\"position\":1,\"name\":\"\",\"item\":\"https:\\\/\\\/sunafrica.com\\\/\"},{\"@type\":\"ListItem\",\"position\":2,\"name\":\"Our Projects\"}]},{\"@type\":\"WebSite\",\"@id\":\"https:\\\/\\\/sunafrica.com\\\/#website\",\"url\":\"https:\\\/\\\/sunafrica.com\\\/\",\"name\":\"Sun Africa\",\"description\":\"Renewable energy solutions\",\"publisher\":{\"@id\":\"https:\\\/\\\/sunafrica.com\\\/#organization\"},\"potentialAction\":[{\"@type\":\"SearchAction\",\"target\":{\"@type\":\"EntryPoint\",\"urlTemplate\":\"https:\\\/\\\/sunafrica.com\\\/?s={search_term_string}\"},\"query-input\":{\"@type\":\"PropertyValueSpecification\",\"valueRequired\":true,\"valueName\":\"search_term_string\"}}],\"inLanguage\":\"pt-AO\"},{\"@type\":\"Organization\",\"@id\":\"https:\\\/\\\/sunafrica.com\\\/#organization\",\"name\":\"Sun Africa\",\"url\":\"https:\\\/\\\/sunafrica.com\\\/\",\"logo\":{\"@type\":\"ImageObject\",\"inLanguage\":\"pt-AO\",\"@id\":\"https:\\\/\\\/sunafrica.com\\\/#\\\/schema\\\/logo\\\/image\\\/\",\"url\":\"https:\\\/\\\/sunafrica.com\\\/wp-content\\\/uploads\\\/2022\\\/08\\\/logo.svg\",\"contentUrl\":\"https:\\\/\\\/sunafrica.com\\\/wp-content\\\/uploads\\\/2022\\\/08\\\/logo.svg\",\"width\":\"1024\",\"height\":\"1024\",\"caption\":\"Sun Africa\"},\"image\":{\"@id\":\"https:\\\/\\\/sunafrica.com\\\/#\\\/schema\\\/logo\\\/image\\\/\"}}]}<\/script>\n<!-- \/ Yoast SEO plugin. -->","yoast_head_json":{"title":"Our Clean Energy Projects | Sun Africa","description":"Com uma diversidade de projectos solares j\u00e1 desenvolvidos e em curso, a Sun Africa lidera a carga em termos de fornecimento de solu\u00e7\u00f5es de Energia Limpa a \u00c1frica.","robots":{"index":"index","follow":"follow","max-snippet":"max-snippet:-1","max-image-preview":"max-image-preview:large","max-video-preview":"max-video-preview:-1"},"canonical":"https:\/\/sunafrica.com\/pt\/projects\/","og_locale":"pt_PT","og_type":"article","og_title":"Our Clean Energy Projects | Sun Africa","og_description":"With a number of solar projects already developed and in progress, Sun Africa is leading the charge of delivering clean energy solutions to Africa.","og_url":"https:\/\/sunafrica.com\/pt\/projects\/","og_site_name":"Sun Africa","article_modified_time":"2022-10-20T13:36:26+00:00","og_image":[{"width":1920,"height":1080,"url":"https:\/\/sunafrica.com\/wp-content\/uploads\/2022\/09\/saurimo1.jpg","type":"image\/jpeg"}],"twitter_card":"summary_large_image","schema":{"@context":"https:\/\/schema.org","@graph":[{"@type":"WebPage","@id":"https:\/\/sunafrica.com\/projects\/","url":"https:\/\/sunafrica.com\/projects\/","name":"Our Clean Energy Projects | Sun Africa","isPartOf":{"@id":"https:\/\/sunafrica.com\/#website"},"primaryImageOfPage":{"@id":"https:\/\/sunafrica.com\/projects\/#primaryimage"},"image":{"@id":"https:\/\/sunafrica.com\/projects\/#primaryimage"},"thumbnailUrl":"https:\/\/sunafrica.com\/wp-content\/uploads\/2022\/09\/saurimo1.jpg","datePublished":"2022-08-25T15:52:18+00:00","dateModified":"2022-10-20T13:36:26+00:00","description":"Com uma diversidade de projectos solares j\u00e1 desenvolvidos e em curso, a Sun Africa lidera a carga em termos de fornecimento de solu\u00e7\u00f5es de Energia Limpa a \u00c1frica.","breadcrumb":{"@id":"https:\/\/sunafrica.com\/projects\/#breadcrumb"},"inLanguage":"pt-AO","potentialAction":[{"@type":"ReadAction","target":["https:\/\/sunafrica.com\/projects\/"]}]},{"@type":"ImageObject","inLanguage":"pt-AO","@id":"https:\/\/sunafrica.com\/projects\/#primaryimage","url":"https:\/\/sunafrica.com\/wp-content\/uploads\/2022\/09\/saurimo1.jpg","contentUrl":"https:\/\/sunafrica.com\/wp-content\/uploads\/2022\/09\/saurimo1.jpg","width":1920,"height":1080,"caption":"This project in Saurimo, Lunda Sul, will supply power to over 34,000 households in the region."},{"@type":"BreadcrumbList","@id":"https:\/\/sunafrica.com\/projects\/#breadcrumb","itemListElement":[{"@type":"ListItem","position":1,"name":"","item":"https:\/\/sunafrica.com\/"},{"@type":"ListItem","position":2,"name":"Our Projects"}]},{"@type":"WebSite","@id":"https:\/\/sunafrica.com\/#website","url":"https:\/\/sunafrica.com\/","name":"Sun Africa","description":"Renewable energy solutions","publisher":{"@id":"https:\/\/sunafrica.com\/#organization"},"potentialAction":[{"@type":"SearchAction","target":{"@type":"EntryPoint","urlTemplate":"https:\/\/sunafrica.com\/?s={search_term_string}"},"query-input":{"@type":"PropertyValueSpecification","valueRequired":true,"valueName":"search_term_string"}}],"inLanguage":"pt-AO"},{"@type":"Organization","@id":"https:\/\/sunafrica.com\/#organization","name":"Sun Africa","url":"https:\/\/sunafrica.com\/","logo":{"@type":"ImageObject","inLanguage":"pt-AO","@id":"https:\/\/sunafrica.com\/#\/schema\/logo\/image\/","url":"https:\/\/sunafrica.com\/wp-content\/uploads\/2022\/08\/logo.svg","contentUrl":"https:\/\/sunafrica.com\/wp-content\/uploads\/2022\/08\/logo.svg","width":"1024","height":"1024","caption":"Sun Africa"},"image":{"@id":"https:\/\/sunafrica.com\/#\/schema\/logo\/image\/"}}]}},"_links":{"self":[{"href":"https:\/\/sunafrica.com\/pt\/wp-json\/wp\/v2\/pages\/11","targetHints":{"allow":["GET"]}}],"collection":[{"href":"https:\/\/sunafrica.com\/pt\/wp-json\/wp\/v2\/pages"}],"about":[{"href":"https:\/\/sunafrica.com\/pt\/wp-json\/wp\/v2\/types\/page"}],"author":[{"embeddable":true,"href":"https:\/\/sunafrica.com\/pt\/wp-json\/wp\/v2\/users\/2"}],"replies":[{"embeddable":true,"href":"https:\/\/sunafrica.com\/pt\/wp-json\/wp\/v2\/comments?post=11"}],"version-history":[{"count":0,"href":"https:\/\/sunafrica.com\/pt\/wp-json\/wp\/v2\/pages\/11\/revisions"}],"wp:featuredmedia":[{"embeddable":true,"href":"https:\/\/sunafrica.com\/pt\/wp-json\/wp\/v2\/media\/254"}],"wp:attachment":[{"href":"https:\/\/sunafrica.com\/pt\/wp-json\/wp\/v2\/media?parent=11"}],"curies":[{"name":"wp","href":"https:\/\/api.w.org\/{rel}","templated":true}]}}